{"id":834,"date":"2024-04-28T10:15:22","date_gmt":"2024-04-28T08:15:22","guid":{"rendered":"https:\/\/www.terronska.cz\/?page_id=834"},"modified":"2026-03-19T11:59:32","modified_gmt":"2026-03-19T10:59:32","slug":"zapis-2","status":"publish","type":"page","link":"https:\/\/www.msterronska.cz\/index.php\/zapis-2\/","title":{"rendered":"Z\u00e1pis 2026\/2027"},"content":{"rendered":"\n<div class=\"wp-block-group\"><div class=\"wp-block-group__inner-container is-layout-constrained wp-block-group-is-layout-constrained\">\n<p><strong><a href=\"https:\/\/www.msterronska.cz\/wp-content\/uploads\/2026\/03\/Seznam-prijatych-deti-k-VYVESENI-2026.pdf\">SEZNAM P\u0158IJAT\u00ddCH D\u011aT\u00cd<\/a><\/strong><\/p>\n\n\n\n<p><\/p>\n\n\n\n<p><strong>Z\u00c1PIS DO MATE\u0158K\u00c9 \u0160KOLY:<\/strong><\/p>\n\n\n\n<p>V\u0161echny d\u016fle\u017eit\u00e9 aktualizovan\u00e9 informace naleznete na <a href=\"https:\/\/jakdoskolky.cz\/\">www.jakdoskolky.cz.<\/a><\/p>\n\n\n\n<p>Zde naleznete p\u0159\u00edru\u010dky ke sta\u017een\u00ed:<\/p>\n<\/div><\/div>\n\n\n\n<ul class=\"wp-block-list\">\n<li><a href=\"https:\/\/www.msterronska.cz\/wp-content\/uploads\/2026\/01\/letak-ms-2026.pdf\">Jak p\u0159ihl\u00e1sit d\u00edt\u011b do M\u0160 (\u010desk\u00e1 verze)<\/a><\/li>\n\n\n\n<li><a href=\"https:\/\/www.msterronska.cz\/wp-content\/uploads\/2026\/01\/letak-ms-2026-en.pdf\">Jak p\u0159ihl\u00e1sit d\u00edt\u011b do M\u0160 (anglick\u00e1 verze)<\/a><\/li>\n<\/ul>\n\n\n\n<p><\/p>\n\n\n\n<p><strong>Z\u00c1PIS DO Z\u00c1KLADN\u00cd \u0160KOLY:<\/strong><\/p>\n\n\n\n<p>V\u0161echny d\u016fle\u017eit\u00e9 aktualizovan\u00e9 informace naleznete na <a href=\"https:\/\/jakdoskoly.cz\/\">www.jakdoskoly.cz<\/a><\/p>\n\n\n\n<p>Zde naleznete p\u0159\u00edru\u010dky ke sta\u017een\u00ed:<\/p>\n\n\n\n<ul class=\"wp-block-list\">\n<li><a href=\"https:\/\/www.msterronska.cz\/wp-content\/uploads\/2026\/01\/letak-zs-2026.pdf\">Jak p\u0159ihl\u00e1sit d\u00edt\u011b do Z\u0160 (\u010desk\u00e1 verze)<\/a><\/li>\n\n\n\n<li><a href=\"https:\/\/www.msterronska.cz\/wp-content\/uploads\/2026\/01\/letak-zs-2026-en.pdf\">Jak p\u0159ihl\u00e1sit d\u00edt\u011b do Z\u0160 (anglick\u00e1 verze)<\/a><\/li>\n<\/ul>\n\n\n\n<p><\/p>\n\n\n\n<p><\/p>\n\n\n\n<p><strong>POSTUP<\/strong><\/p>\n\n\n\n<p><strong><u>JAK PODAT \u017d\u00c1DOST O P\u0158IJET\u00cd do M\u0160 (p\u0159ihl\u00e1\u0161ku):<\/u><\/strong><\/p>\n\n\n\n<p><\/p>\n\n\n\n<p><strong>JAK PODAT \u017d\u00c1DOST<\/strong>:<\/p>\n\n\n\n<ul class=\"wp-block-list\">\n<li>osobn\u011b v na\u0161\u00ed mate\u0159sk\u00e9 \u0161kole <strong>17. 03. 2026<\/strong>, ve V\u00e1mi rezervovan\u00e9m \u010dase<\/li>\n\n\n\n<li>osobn\u00ed datovou schr\u00e1nkou 17. 03. 2026 v&nbsp;\u010dase 0:00 \u2013 23:59 hodin (firemn\u00ed datov\u00e1 schr\u00e1nka nen\u00ed p\u0159\u00edpustn\u00e1) &#8211; ID na\u0161\u00ed datov\u00e9 schr\u00e1nky: py7k2fv;<\/li>\n\n\n\n<li><\/li>\n<\/ul>\n\n\n\n<p>Po doru\u010den\u00ed p\u0159ihl\u00e1\u0161ky, v\u017edy obdr\u017e\u00edte unik\u00e1tn\u00ed registra\u010dn\u00ed k\u00f3d, pod kter\u00fdm budete moci na webu www.jakdoskolky.cz sledovat um\u00edst\u011bn\u00ed Va\u0161eho d\u00edt\u011bte v jednotliv\u00fdch mate\u0159sk\u00fdch \u0161kol\u00e1ch. Aktualizace \u00fadaj\u016f bude prob\u00edhat v\u017edy 1x t\u00fddn\u011b, a to a\u017e do 31. 7. 2026<\/p>\n\n\n\n<p><strong><u>DOKUMENTY K&nbsp;Z\u00c1PISU:<\/u><\/strong><\/p>\n\n\n\n<ul class=\"wp-block-list\">\n<li>Vypln\u011bn\u00e1 a podepsan\u00e1 \u017e\u00e1dost o p\u0159ijet\u00ed (doporu\u010dujeme vyplnit elektronicky na webu jakdoskolky.cz) <\/li>\n\n\n\n<li>Origin\u00e1l nebo not\u00e1\u0159sky ov\u011b\u0159en\u00e1 kopie nebo autorizovan\u00e1 konverze l\u00e9ka\u0159sk\u00e9ho potvrzen\u00ed o o\u010dkov\u00e1n\u00ed d\u00edt\u011bte (nevztahuje se na d\u00edt\u011b, kter\u00e9 se hl\u00e1s\u00ed k povinn\u00e9mu p\u0159ed\u0161koln\u00edmu vzd\u011bl\u00e1v\u00e1n\u00ed) <\/li>\n\n\n\n<li>Rodn\u00fd list d\u00edt\u011bte (k&nbsp;nahl\u00e9dnut\u00ed)<\/li>\n\n\n\n<li>OP \u017eadatele (k nahl\u00e9dnut\u00ed)<\/li>\n\n\n\n<li>Potvrzen\u00ed o trval\u00e9m pobytu d\u00edt\u011bte, jen pokud nen\u00ed shodn\u00e9 s trval\u00fdm pobytem \u017eadatele (nap\u0159. v\u00fdpis z&nbsp;evidence obyvatel) <\/li>\n<\/ul>\n\n\n\n<p><\/p>\n\n\n\n<p><strong>MO\u017dNOST NAHL\u00c9DNUT\u00cd DO SPISU<\/strong> sv\u00e9ho d\u00edt\u011bte: 19. 3. 2026 od&nbsp;10.30 h do&nbsp;11.30 h: preferovan\u00e1 doba nahl\u00e9dnut\u00ed do&nbsp;spisu d\u00edt\u011bte.<\/p>\n\n\n\n<p><strong><u>V\u00ddSLEDKY Z\u00c1PISU<\/u><\/strong>  <strong>19. 03. 2026 ve 12:00 hodin<\/strong> na webov\u00fdch str\u00e1nk\u00e1ch na\u0161\u00ed mate\u0159sk\u00e9 \u0161koly a na n\u00e1st\u011bnce u vchodu do are\u00e1lu mate\u0159sk\u00e9 \u0161koly (zve\u0159ejn\u011bny budou k\u00f3dy nov\u011b p\u0159ijat\u00fdch d\u011bt\u00ed do Mate\u0159sk\u00e9 \u0161koly Terronsk\u00e1, nikoli jm\u00e9na d\u011bt\u00ed).<\/p>\n\n\n\n<p><\/p>\n\n\n\n<p><strong><u>ODEVZD\u00c1N\u00cd Z\u00c1PISOV\u00c9HO L\u00cdSTKU<\/u> (pouze do jedn\u00e9, V\u00e1mi vybran\u00e9 mate\u0159sk\u00e9 \u0161koly)<\/strong> p\u0159ijat\u00fdch d\u011bt\u00ed prob\u011bhne <strong>24. 03. 2026<\/strong> <strong>od 13:00 &#8211; 17:00 hodin<\/strong> VE ZVOLEN\u00c9 MATE\u0158SK\u00c9 \u0160KOLE, kam bylo Va\u0161e d\u00edt\u011b p\u0159ijato. Pokud z\u00e1pisov\u00fd l\u00edstek neodevzd\u00e1te, na Va\u0161e m\u00edsto automaticky nastoup\u00ed dal\u0161\u00ed d\u00edt\u011b v po\u0159ad\u00ed.<\/p>\n\n\n\n<p><strong><a href=\"https:\/\/www.msterronska.cz\/wp-content\/uploads\/2026\/01\/Kriteria-pro-prijimani-deti-k-predskolnimu-vzdelavani-pro-skolni-rok-2026-2027.pdf\">KRIT\u00c9RIA PRO P\u0158IJ\u00cdM\u00c1N\u00cd D\u011aT\u00cd<\/a> <\/strong>K P\u0158ED\u0160KOLN\u00cdMU VZD\u011aL\u00c1V\u00c1N\u00cd V M\u0160 Terronsk\u00e1 pro \u0161koln\u00ed rok 2026\/2027.<\/p>\n\n\n\n<p><\/p>\n","protected":false},"excerpt":{"rendered":"<p>SEZNAM P\u0158IJAT\u00ddCH D\u011aT\u00cd Z\u00c1PIS DO MATE\u0158K\u00c9 \u0160KOLY: V\u0161echny d\u016fle\u017eit\u00e9 aktualizovan\u00e9 informace naleznete na www.jakdoskolky.cz. Zde naleznete p\u0159\u00edru\u010dky ke sta\u017een\u00ed: Z\u00c1PIS DO Z\u00c1KLADN\u00cd \u0160KOLY: V\u0161echny d\u016fle\u017eit\u00e9 [&hellip;]<\/p>\n","protected":false},"author":2,"featured_media":1137,"parent":0,"menu_order":0,"comment_status":"closed","ping_status":"closed","template":"","meta":{"pgc_sgb_lightbox_settings":"","footnotes":""},"class_list":["post-834","page","type-page","status-publish","has-post-thumbnail","hentry"],"_links":{"self":[{"href":"https:\/\/www.msterronska.cz\/index.php\/wp-json\/wp\/v2\/pages\/834","targetHints":{"allow":["GET"]}}],"collection":[{"href":"https:\/\/www.msterronska.cz\/index.php\/wp-json\/wp\/v2\/pages"}],"about":[{"href":"https:\/\/www.msterronska.cz\/index.php\/wp-json\/wp\/v2\/types\/page"}],"author":[{"embeddable":true,"href":"https:\/\/www.msterronska.cz\/index.php\/wp-json\/wp\/v2\/users\/2"}],"replies":[{"embeddable":true,"href":"https:\/\/www.msterronska.cz\/index.php\/wp-json\/wp\/v2\/comments?post=834"}],"version-history":[{"count":28,"href":"https:\/\/www.msterronska.cz\/index.php\/wp-json\/wp\/v2\/pages\/834\/revisions"}],"predecessor-version":[{"id":2227,"href":"https:\/\/www.msterronska.cz\/index.php\/wp-json\/wp\/v2\/pages\/834\/revisions\/2227"}],"wp:featuredmedia":[{"embeddable":true,"href":"https:\/\/www.msterronska.cz\/index.php\/wp-json\/wp\/v2\/media\/1137"}],"wp:attachment":[{"href":"https:\/\/www.msterronska.cz\/index.php\/wp-json\/wp\/v2\/media?parent=834"}],"curies":[{"name":"wp","href":"https:\/\/api.w.org\/{rel}","templated":true}]}}