{"id":8,"date":"2023-08-01T18:34:06","date_gmt":"2023-08-01T16:34:06","guid":{"rendered":"http:\/\/new.terronska.cz\/?page_id=8"},"modified":"2026-01-02T18:46:27","modified_gmt":"2026-01-02T17:46:27","slug":"1-oddeleni-mysaci","status":"publish","type":"page","link":"https:\/\/www.msterronska.cz\/index.php\/oddeleni-nasi-skolky\/1-oddeleni-mysaci\/","title":{"rendered":"1. odd\u011blen\u00ed &#8211; My\u0161\u00e1ci"},"content":{"rendered":"\n<p>T\u0159\u00edda My\u0161\u00e1k\u016f se nach\u00e1z\u00ed v p\u0159\u00edzem\u00ed, pro vstup do budovy je t\u0159eba pou\u017e\u00edt hlavn\u00ed vchod, sej\u00edt do \u0161atny v suter\u00e9nu. Odd\u011blen\u00ed My\u0161\u00e1k\u016f je v p\u0159edn\u00ed \u010d\u00e1sti haly. V t\u00e9to t\u0159\u00edd\u011b jsou d\u011bti ve v\u011bku od 4 &#8211; 6 let a staraj\u00ed se o n\u011b pan\u00ed u\u010ditelky: Bc. Lenka Kratochv\u00edlov\u00e1, Jitka Kadlecov\u00e1 a asistent pedagoga Bc. Anastasiia Kharchenko.<\/p>\n\n\n\n<p>Mobiln\u00ed kontakt: <a href=\"http:\/\/+420 733 583 239\">+420 733 583 239<\/a><\/p>\n\n\n\n<figure class=\"wp-block-gallery has-nested-images columns-default is-cropped wp-block-gallery-1 is-layout-flex wp-block-gallery-is-layout-flex\">\n<figure class=\"wp-block-image size-large\"><img loading=\"lazy\" decoding=\"async\" width=\"1024\" height=\"768\" data-id=\"1421\" src=\"https:\/\/www.msterronska.cz\/wp-content\/uploads\/2025\/08\/1.-oddeleni-4-1024x768.jpeg\" alt=\"\" class=\"wp-image-1421\" srcset=\"https:\/\/www.msterronska.cz\/wp-content\/uploads\/2025\/08\/1.-oddeleni-4-1024x768.jpeg 1024w, https:\/\/www.msterronska.cz\/wp-content\/uploads\/2025\/08\/1.-oddeleni-4-300x225.jpeg 300w, https:\/\/www.msterronska.cz\/wp-content\/uploads\/2025\/08\/1.-oddeleni-4-768x576.jpeg 768w, https:\/\/www.msterronska.cz\/wp-content\/uploads\/2025\/08\/1.-oddeleni-4-1536x1152.jpeg 1536w, https:\/\/www.msterronska.cz\/wp-content\/uploads\/2025\/08\/1.-oddeleni-4.jpeg 2048w\" sizes=\"auto, (max-width: 1024px) 100vw, 1024px\" \/><\/figure>\n\n\n\n<figure class=\"wp-block-image size-large\"><img loading=\"lazy\" decoding=\"async\" width=\"1024\" height=\"768\" data-id=\"1422\" src=\"https:\/\/www.msterronska.cz\/wp-content\/uploads\/2025\/08\/1.-oddeleni-5-1024x768.jpeg\" alt=\"\" class=\"wp-image-1422\" srcset=\"https:\/\/www.msterronska.cz\/wp-content\/uploads\/2025\/08\/1.-oddeleni-5-1024x768.jpeg 1024w, https:\/\/www.msterronska.cz\/wp-content\/uploads\/2025\/08\/1.-oddeleni-5-300x225.jpeg 300w, https:\/\/www.msterronska.cz\/wp-content\/uploads\/2025\/08\/1.-oddeleni-5-768x576.jpeg 768w, https:\/\/www.msterronska.cz\/wp-content\/uploads\/2025\/08\/1.-oddeleni-5-1536x1152.jpeg 1536w, https:\/\/www.msterronska.cz\/wp-content\/uploads\/2025\/08\/1.-oddeleni-5.jpeg 2048w\" sizes=\"auto, (max-width: 1024px) 100vw, 1024px\" \/><\/figure>\n\n\n\n<figure class=\"wp-block-image size-large\"><img loading=\"lazy\" decoding=\"async\" width=\"1024\" height=\"768\" data-id=\"1423\" src=\"https:\/\/www.msterronska.cz\/wp-content\/uploads\/2025\/08\/1.-oddeleni-6-1024x768.jpeg\" alt=\"\" class=\"wp-image-1423\" srcset=\"https:\/\/www.msterronska.cz\/wp-content\/uploads\/2025\/08\/1.-oddeleni-6-1024x768.jpeg 1024w, https:\/\/www.msterronska.cz\/wp-content\/uploads\/2025\/08\/1.-oddeleni-6-300x225.jpeg 300w, https:\/\/www.msterronska.cz\/wp-content\/uploads\/2025\/08\/1.-oddeleni-6-768x576.jpeg 768w, https:\/\/www.msterronska.cz\/wp-content\/uploads\/2025\/08\/1.-oddeleni-6-1536x1152.jpeg 1536w, https:\/\/www.msterronska.cz\/wp-content\/uploads\/2025\/08\/1.-oddeleni-6.jpeg 2048w\" sizes=\"auto, (max-width: 1024px) 100vw, 1024px\" \/><\/figure>\n\n\n\n<figure class=\"wp-block-image size-large\"><img loading=\"lazy\" decoding=\"async\" width=\"1024\" height=\"768\" data-id=\"1424\" src=\"https:\/\/www.msterronska.cz\/wp-content\/uploads\/2025\/08\/1.-oddeleni-7-1024x768.jpeg\" alt=\"\" class=\"wp-image-1424\" srcset=\"https:\/\/www.msterronska.cz\/wp-content\/uploads\/2025\/08\/1.-oddeleni-7-1024x768.jpeg 1024w, https:\/\/www.msterronska.cz\/wp-content\/uploads\/2025\/08\/1.-oddeleni-7-300x225.jpeg 300w, https:\/\/www.msterronska.cz\/wp-content\/uploads\/2025\/08\/1.-oddeleni-7-768x576.jpeg 768w, https:\/\/www.msterronska.cz\/wp-content\/uploads\/2025\/08\/1.-oddeleni-7-1536x1152.jpeg 1536w, https:\/\/www.msterronska.cz\/wp-content\/uploads\/2025\/08\/1.-oddeleni-7.jpeg 2048w\" sizes=\"auto, (max-width: 1024px) 100vw, 1024px\" \/><\/figure>\n\n\n\n<figure class=\"wp-block-image size-large\"><img loading=\"lazy\" decoding=\"async\" width=\"1024\" height=\"768\" data-id=\"1425\" src=\"https:\/\/www.msterronska.cz\/wp-content\/uploads\/2025\/08\/1.-oddeleni-8-1024x768.jpeg\" alt=\"\" class=\"wp-image-1425\" srcset=\"https:\/\/www.msterronska.cz\/wp-content\/uploads\/2025\/08\/1.-oddeleni-8-1024x768.jpeg 1024w, https:\/\/www.msterronska.cz\/wp-content\/uploads\/2025\/08\/1.-oddeleni-8-300x225.jpeg 300w, https:\/\/www.msterronska.cz\/wp-content\/uploads\/2025\/08\/1.-oddeleni-8-768x576.jpeg 768w, https:\/\/www.msterronska.cz\/wp-content\/uploads\/2025\/08\/1.-oddeleni-8-1536x1152.jpeg 1536w, https:\/\/www.msterronska.cz\/wp-content\/uploads\/2025\/08\/1.-oddeleni-8.jpeg 2048w\" sizes=\"auto, (max-width: 1024px) 100vw, 1024px\" \/><\/figure>\n\n\n\n<figure class=\"wp-block-image size-large\"><img loading=\"lazy\" decoding=\"async\" width=\"1024\" height=\"768\" data-id=\"1426\" src=\"https:\/\/www.msterronska.cz\/wp-content\/uploads\/2025\/08\/1.-oddeleni-9-1024x768.jpeg\" alt=\"\" class=\"wp-image-1426\" srcset=\"https:\/\/www.msterronska.cz\/wp-content\/uploads\/2025\/08\/1.-oddeleni-9-1024x768.jpeg 1024w, https:\/\/www.msterronska.cz\/wp-content\/uploads\/2025\/08\/1.-oddeleni-9-300x225.jpeg 300w, https:\/\/www.msterronska.cz\/wp-content\/uploads\/2025\/08\/1.-oddeleni-9-768x576.jpeg 768w, https:\/\/www.msterronska.cz\/wp-content\/uploads\/2025\/08\/1.-oddeleni-9-1536x1152.jpeg 1536w, https:\/\/www.msterronska.cz\/wp-content\/uploads\/2025\/08\/1.-oddeleni-9.jpeg 2048w\" sizes=\"auto, (max-width: 1024px) 100vw, 1024px\" \/><\/figure>\n<\/figure>\n\n\n\n<p><\/p>\n\n\n\n<div class=\"wp-block-columns is-layout-flex wp-container-core-columns-is-layout-9d6595d7 wp-block-columns-is-layout-flex\">\n<div class=\"wp-block-column is-layout-flow wp-block-column-is-layout-flow\" style=\"flex-basis:33.33%\">\n<figure class=\"wp-block-image size-large is-resized\"><img loading=\"lazy\" decoding=\"async\" width=\"871\" height=\"1024\" src=\"https:\/\/www.terronska.cz\/wp-content\/uploads\/2024\/08\/3e272ab6-55b9-4951-b331-b079ef074632-871x1024.jpeg\" alt=\"\" class=\"wp-image-918\" style=\"width:251px;height:auto\" srcset=\"https:\/\/www.msterronska.cz\/wp-content\/uploads\/2024\/08\/3e272ab6-55b9-4951-b331-b079ef074632-871x1024.jpeg 871w, https:\/\/www.msterronska.cz\/wp-content\/uploads\/2024\/08\/3e272ab6-55b9-4951-b331-b079ef074632-255x300.jpeg 255w, https:\/\/www.msterronska.cz\/wp-content\/uploads\/2024\/08\/3e272ab6-55b9-4951-b331-b079ef074632-768x903.jpeg 768w, https:\/\/www.msterronska.cz\/wp-content\/uploads\/2024\/08\/3e272ab6-55b9-4951-b331-b079ef074632-1307x1536.jpeg 1307w, https:\/\/www.msterronska.cz\/wp-content\/uploads\/2024\/08\/3e272ab6-55b9-4951-b331-b079ef074632.jpeg 1718w\" sizes=\"auto, (max-width: 871px) 100vw, 871px\" \/><\/figure>\n<\/div>\n\n\n\n<div class=\"wp-block-column is-layout-flow wp-block-column-is-layout-flow\" style=\"flex-basis:66.66%\">\n<p><\/p>\n\n\n\n<p><strong>Bc. LENKA KRATOCHV\u00cdLOV\u00c1<\/strong> &#8211; u\u010ditelka, zdravotn\u00edk zotavovac\u00edch akc\u00ed<\/p>\n\n\n\n<p>Vystudovala jsem p\u0159ed\u0161koln\u00ed pedagogiku na Karlov\u011b univerzit\u011b. Praxi v oboru m\u00e1m z vysok\u00e9 \u0161koly, z p\u0159\u00edm\u011bstsk\u00fdch t\u00e1bor\u016f a tak\u00e9 jako pedagog v d\u011btsk\u00e9 skupin\u011b. Pr\u00e1ce s d\u011btmi m\u011b velmi bav\u00ed, r\u00e1da pro n\u011b vytv\u00e1\u0159\u00edm prost\u0159ed\u00ed, ve kter\u00e9m se mohou bavit, objevovat a u\u010dit se nov\u00fdm v\u011bcem. Ve voln\u00e9m \u010dase r\u00e1da \u010dtu, cestuji a pob\u00fdv\u00e1m v p\u0159\u00edrod\u011b. <\/p>\n\n\n\n<p><\/p>\n<\/div>\n<\/div>\n\n\n\n<div class=\"wp-block-columns is-layout-flex wp-container-core-columns-is-layout-9d6595d7 wp-block-columns-is-layout-flex\">\n<div class=\"wp-block-column is-layout-flow wp-block-column-is-layout-flow\" style=\"flex-basis:33.33%\"><\/div>\n\n\n\n<div class=\"wp-block-column is-layout-flow wp-block-column-is-layout-flow\" style=\"flex-basis:66.66%\">\n<p><\/p>\n\n\n\n<p><\/p>\n<\/div>\n<\/div>\n\n\n\n<div class=\"wp-block-columns is-layout-flex wp-container-core-columns-is-layout-9d6595d7 wp-block-columns-is-layout-flex\">\n<div class=\"wp-block-column is-layout-flow wp-block-column-is-layout-flow\" style=\"flex-basis:33.33%\">\n<figure class=\"wp-block-image size-full\"><img loading=\"lazy\" decoding=\"async\" width=\"233\" height=\"296\" src=\"https:\/\/www.msterronska.cz\/wp-content\/uploads\/2025\/08\/IMG-20180909-WA0000.jpg\" alt=\"\" class=\"wp-image-1330\"\/><\/figure>\n<\/div>\n\n\n\n<div class=\"wp-block-column is-layout-flow wp-block-column-is-layout-flow\" style=\"flex-basis:66.66%\">\n<p><\/p>\n\n\n\n<p><strong>JITKA KADLECOV\u00c1 <\/strong>&#8211; u\u010ditelka<\/p>\n\n\n\n<p>V mate\u0159sk\u00e9 \u0161kole u\u010d\u00edm u\u017e \u0159adu let. M\u00e1m pedagogick\u00e9 vzd\u011bl\u00e1n\u00ed. M\u00fdm kon\u00ed\u010dkem je sport, hlavn\u011b ly\u017eov\u00e1ni, b\u011b\u017eky, j\u00edzda na kole a turistika. V d\u011btech se sna\u017e\u00edm p\u011bstovat l\u00e1sku ke sportu a pohybu. Db\u00e1m na to, aby si osvojily z\u00e1klady spole\u010densk\u00e9ho chov\u00e1n\u00ed a na jejich celkov\u00fd soci\u00e1ln\u00ed rozvoj. M\u00fdm c\u00edlem je, aby d\u011bti m\u011bly v\u0161eobecn\u00e9 pov\u011bdom\u00ed ve v\u0161ech oblastech, aby se nau\u010dily p\u0159ij\u00edmat nejen v\u00fdhry, ale i prohry. D\u016fraz kladu na sob\u011bsta\u010dnost, vz\u00e1jemnou pomoc, toleranci a kamar\u00e1dstv\u00ed.<\/p>\n\n\n\n<p><\/p>\n<\/div>\n<\/div>\n\n\n\n<div class=\"wp-block-columns is-layout-flex wp-container-core-columns-is-layout-9d6595d7 wp-block-columns-is-layout-flex\">\n<div class=\"wp-block-column is-layout-flow wp-block-column-is-layout-flow\" style=\"flex-basis:33.33%\">\n<figure class=\"wp-block-image size-full is-resized\"><img loading=\"lazy\" decoding=\"async\" width=\"594\" height=\"594\" src=\"https:\/\/www.msterronska.cz\/wp-content\/uploads\/2026\/01\/9ee2da41-9e01-4026-abdf-5fcaa5171192-1.jpg\" alt=\"\" class=\"wp-image-1637\" style=\"width:235px;height:auto\" srcset=\"https:\/\/www.msterronska.cz\/wp-content\/uploads\/2026\/01\/9ee2da41-9e01-4026-abdf-5fcaa5171192-1.jpg 594w, https:\/\/www.msterronska.cz\/wp-content\/uploads\/2026\/01\/9ee2da41-9e01-4026-abdf-5fcaa5171192-1-300x300.jpg 300w, https:\/\/www.msterronska.cz\/wp-content\/uploads\/2026\/01\/9ee2da41-9e01-4026-abdf-5fcaa5171192-1-150x150.jpg 150w\" sizes=\"auto, (max-width: 594px) 100vw, 594px\" \/><\/figure>\n<\/div>\n\n\n\n<div class=\"wp-block-column is-layout-flow wp-block-column-is-layout-flow\" style=\"flex-basis:66.66%\">\n<p><\/p>\n\n\n\n<p><strong>Bc. ANASTASIIA KHARCHENKO <\/strong>&#8211; asistent pedagoga,  zdravotn\u00edk zotavovac\u00edch akc\u00ed<\/p>\n\n\n\n<p>Vystudovala jsem na vysok\u00e9 \u0161kole pedagogiku a v sou\u010dasn\u00e9 dob\u011b d\u00e1le rozv\u00edj\u00edm sv\u00e9 vzd\u011bl\u00e1n\u00ed v oblasti soci\u00e1ln\u00ed a pedagogick\u00e9 pr\u00e1ce na VO\u0160. Absolvovala jsem kurz zdravotn\u00edka zotavovac\u00edch akc\u00ed a aktu\u00e1ln\u011b dokon\u010duji kurz Asistent pedagoga.<\/p>\n\n\n\n<p>Pr\u00e1ce s d\u011btmi m\u011b napl\u0148uje. R\u00e1da je podporuji v u\u010den\u00ed, pom\u00e1h\u00e1m jim zvl\u00e1dat nov\u00e9 situace a vytv\u00e1\u0159\u00edm pro n\u011b klidn\u00e9 a p\u0159\u00edjemn\u00e9 prost\u0159ed\u00ed.<\/p>\n<\/div>\n<\/div>\n","protected":false},"excerpt":{"rendered":"<p>T\u0159\u00edda My\u0161\u00e1k\u016f se nach\u00e1z\u00ed v p\u0159\u00edzem\u00ed, pro vstup do budovy je t\u0159eba pou\u017e\u00edt hlavn\u00ed vchod, sej\u00edt do \u0161atny v suter\u00e9nu. Odd\u011blen\u00ed My\u0161\u00e1k\u016f je v p\u0159edn\u00ed [&hellip;]<\/p>\n","protected":false},"author":1,"featured_media":0,"parent":77,"menu_order":1,"comment_status":"closed","ping_status":"closed","template":"","meta":{"pgc_sgb_lightbox_settings":"","footnotes":""},"class_list":["post-8","page","type-page","status-publish","hentry"],"_links":{"self":[{"href":"https:\/\/www.msterronska.cz\/index.php\/wp-json\/wp\/v2\/pages\/8","targetHints":{"allow":["GET"]}}],"collection":[{"href":"https:\/\/www.msterronska.cz\/index.php\/wp-json\/wp\/v2\/pages"}],"about":[{"href":"https:\/\/www.msterronska.cz\/index.php\/wp-json\/wp\/v2\/types\/page"}],"author":[{"embeddable":true,"href":"https:\/\/www.msterronska.cz\/index.php\/wp-json\/wp\/v2\/users\/1"}],"replies":[{"embeddable":true,"href":"https:\/\/www.msterronska.cz\/index.php\/wp-json\/wp\/v2\/comments?post=8"}],"version-history":[{"count":38,"href":"https:\/\/www.msterronska.cz\/index.php\/wp-json\/wp\/v2\/pages\/8\/revisions"}],"predecessor-version":[{"id":1666,"href":"https:\/\/www.msterronska.cz\/index.php\/wp-json\/wp\/v2\/pages\/8\/revisions\/1666"}],"up":[{"embeddable":true,"href":"https:\/\/www.msterronska.cz\/index.php\/wp-json\/wp\/v2\/pages\/77"}],"wp:attachment":[{"href":"https:\/\/www.msterronska.cz\/index.php\/wp-json\/wp\/v2\/media?parent=8"}],"curies":[{"name":"wp","href":"https:\/\/api.w.org\/{rel}","templated":true}]}}