{"id":151,"date":"2023-08-13T22:24:23","date_gmt":"2023-08-13T20:24:23","guid":{"rendered":"https:\/\/new.terronska.cz\/?page_id=151"},"modified":"2025-12-14T16:30:26","modified_gmt":"2025-12-14T15:30:26","slug":"5-oddeleni-kotata","status":"publish","type":"page","link":"https:\/\/www.msterronska.cz\/index.php\/oddeleni-nasi-skolky\/5-oddeleni-kotata\/","title":{"rendered":"5. odd\u011blen\u00ed &#8211; Ko\u0165ata"},"content":{"rendered":"\n<p>T\u0159\u00edda Ko\u0165at se nach\u00e1z\u00ed v 1. pat\u0159e, pro vstup do budovy je t\u0159eba pou\u017e\u00edt hlavn\u00ed vchod. \u0160atnu naleznete v suter\u00e9nu, ze \u0161atny se pak dostanete schodi\u0161t\u011bm do 1. patra, kde v zadn\u00ed \u010d\u00e1sti haly je odd\u011blen\u00ed Ko\u0165at. O d\u011bti ve v\u011bku od 3 &#8211; 4 let se zde staraj\u00ed pan\u00ed u\u010ditelky Michaela Klaudov\u00e1 a Kate\u0159ina Leitgebov\u00e1.<\/p>\n\n\n\n<p>Mobiln\u00ed kontakt: <a href=\"http:\/\/+420 733 583 245\">+420 733 583 245<\/a><\/p>\n\n\n\n<figure class=\"wp-block-gallery has-nested-images columns-default is-cropped wp-block-gallery-1 is-layout-flex wp-block-gallery-is-layout-flex\">\n<figure class=\"wp-block-image size-large\"><img loading=\"lazy\" decoding=\"async\" width=\"1024\" height=\"768\" data-id=\"1452\" src=\"https:\/\/www.msterronska.cz\/wp-content\/uploads\/2025\/08\/5.-oddeleni-5-1024x768.jpeg\" alt=\"\" class=\"wp-image-1452\" srcset=\"https:\/\/www.msterronska.cz\/wp-content\/uploads\/2025\/08\/5.-oddeleni-5-1024x768.jpeg 1024w, https:\/\/www.msterronska.cz\/wp-content\/uploads\/2025\/08\/5.-oddeleni-5-300x225.jpeg 300w, https:\/\/www.msterronska.cz\/wp-content\/uploads\/2025\/08\/5.-oddeleni-5-768x576.jpeg 768w, https:\/\/www.msterronska.cz\/wp-content\/uploads\/2025\/08\/5.-oddeleni-5-1536x1152.jpeg 1536w, https:\/\/www.msterronska.cz\/wp-content\/uploads\/2025\/08\/5.-oddeleni-5.jpeg 2048w\" sizes=\"auto, (max-width: 1024px) 100vw, 1024px\" \/><\/figure>\n\n\n\n<figure class=\"wp-block-image size-large\"><img loading=\"lazy\" decoding=\"async\" width=\"1024\" height=\"768\" data-id=\"1453\" src=\"https:\/\/www.msterronska.cz\/wp-content\/uploads\/2025\/08\/5.-oddeleni-6-1024x768.jpeg\" alt=\"\" class=\"wp-image-1453\" srcset=\"https:\/\/www.msterronska.cz\/wp-content\/uploads\/2025\/08\/5.-oddeleni-6-1024x768.jpeg 1024w, https:\/\/www.msterronska.cz\/wp-content\/uploads\/2025\/08\/5.-oddeleni-6-300x225.jpeg 300w, https:\/\/www.msterronska.cz\/wp-content\/uploads\/2025\/08\/5.-oddeleni-6-768x576.jpeg 768w, https:\/\/www.msterronska.cz\/wp-content\/uploads\/2025\/08\/5.-oddeleni-6-1536x1152.jpeg 1536w, https:\/\/www.msterronska.cz\/wp-content\/uploads\/2025\/08\/5.-oddeleni-6.jpeg 2048w\" sizes=\"auto, (max-width: 1024px) 100vw, 1024px\" \/><\/figure>\n\n\n\n<figure class=\"wp-block-image size-large\"><img loading=\"lazy\" decoding=\"async\" width=\"1024\" height=\"768\" data-id=\"1454\" src=\"https:\/\/www.msterronska.cz\/wp-content\/uploads\/2025\/08\/5.-oddeleni-7-1024x768.jpeg\" alt=\"\" class=\"wp-image-1454\" srcset=\"https:\/\/www.msterronska.cz\/wp-content\/uploads\/2025\/08\/5.-oddeleni-7-1024x768.jpeg 1024w, https:\/\/www.msterronska.cz\/wp-content\/uploads\/2025\/08\/5.-oddeleni-7-300x225.jpeg 300w, https:\/\/www.msterronska.cz\/wp-content\/uploads\/2025\/08\/5.-oddeleni-7-768x576.jpeg 768w, https:\/\/www.msterronska.cz\/wp-content\/uploads\/2025\/08\/5.-oddeleni-7-1536x1152.jpeg 1536w, https:\/\/www.msterronska.cz\/wp-content\/uploads\/2025\/08\/5.-oddeleni-7.jpeg 2048w\" sizes=\"auto, (max-width: 1024px) 100vw, 1024px\" \/><\/figure>\n\n\n\n<figure class=\"wp-block-image size-large\"><img loading=\"lazy\" decoding=\"async\" width=\"1024\" height=\"768\" data-id=\"1455\" src=\"https:\/\/www.msterronska.cz\/wp-content\/uploads\/2025\/08\/5.-oddeleni-9-1024x768.jpeg\" alt=\"\" class=\"wp-image-1455\" srcset=\"https:\/\/www.msterronska.cz\/wp-content\/uploads\/2025\/08\/5.-oddeleni-9-1024x768.jpeg 1024w, https:\/\/www.msterronska.cz\/wp-content\/uploads\/2025\/08\/5.-oddeleni-9-300x225.jpeg 300w, https:\/\/www.msterronska.cz\/wp-content\/uploads\/2025\/08\/5.-oddeleni-9-768x576.jpeg 768w, https:\/\/www.msterronska.cz\/wp-content\/uploads\/2025\/08\/5.-oddeleni-9-1536x1152.jpeg 1536w, https:\/\/www.msterronska.cz\/wp-content\/uploads\/2025\/08\/5.-oddeleni-9.jpeg 2048w\" sizes=\"auto, (max-width: 1024px) 100vw, 1024px\" \/><\/figure>\n\n\n\n<figure class=\"wp-block-image size-large\"><img loading=\"lazy\" decoding=\"async\" width=\"1024\" height=\"768\" data-id=\"1456\" src=\"https:\/\/www.msterronska.cz\/wp-content\/uploads\/2025\/08\/5.-oddeleni-13-1024x768.jpeg\" alt=\"\" class=\"wp-image-1456\" srcset=\"https:\/\/www.msterronska.cz\/wp-content\/uploads\/2025\/08\/5.-oddeleni-13-1024x768.jpeg 1024w, https:\/\/www.msterronska.cz\/wp-content\/uploads\/2025\/08\/5.-oddeleni-13-300x225.jpeg 300w, https:\/\/www.msterronska.cz\/wp-content\/uploads\/2025\/08\/5.-oddeleni-13-768x576.jpeg 768w, https:\/\/www.msterronska.cz\/wp-content\/uploads\/2025\/08\/5.-oddeleni-13-1536x1152.jpeg 1536w, https:\/\/www.msterronska.cz\/wp-content\/uploads\/2025\/08\/5.-oddeleni-13.jpeg 2048w\" sizes=\"auto, (max-width: 1024px) 100vw, 1024px\" \/><\/figure>\n\n\n\n<figure class=\"wp-block-image size-large\"><img loading=\"lazy\" decoding=\"async\" width=\"1024\" height=\"768\" data-id=\"1457\" src=\"https:\/\/www.msterronska.cz\/wp-content\/uploads\/2025\/08\/5.-oddeleni-14-1024x768.jpeg\" alt=\"\" class=\"wp-image-1457\" srcset=\"https:\/\/www.msterronska.cz\/wp-content\/uploads\/2025\/08\/5.-oddeleni-14-1024x768.jpeg 1024w, https:\/\/www.msterronska.cz\/wp-content\/uploads\/2025\/08\/5.-oddeleni-14-300x225.jpeg 300w, https:\/\/www.msterronska.cz\/wp-content\/uploads\/2025\/08\/5.-oddeleni-14-768x576.jpeg 768w, https:\/\/www.msterronska.cz\/wp-content\/uploads\/2025\/08\/5.-oddeleni-14-1536x1152.jpeg 1536w, https:\/\/www.msterronska.cz\/wp-content\/uploads\/2025\/08\/5.-oddeleni-14.jpeg 2048w\" sizes=\"auto, (max-width: 1024px) 100vw, 1024px\" \/><\/figure>\n<\/figure>\n\n\n\n<div class=\"wp-block-columns is-layout-flex wp-container-core-columns-is-layout-9d6595d7 wp-block-columns-is-layout-flex\">\n<div class=\"wp-block-column is-layout-flow wp-block-column-is-layout-flow\" style=\"flex-basis:33.33%\"><\/div>\n\n\n\n<div class=\"wp-block-column is-layout-flow wp-block-column-is-layout-flow\" style=\"flex-basis:66.66%\">\n<p><\/p>\n\n\n\n<p><\/p>\n<\/div>\n<\/div>\n\n\n\n<div class=\"wp-block-columns is-layout-flex wp-container-core-columns-is-layout-9d6595d7 wp-block-columns-is-layout-flex\">\n<div class=\"wp-block-column is-layout-flow wp-block-column-is-layout-flow\" style=\"flex-basis:33.33%\">\n<figure class=\"wp-block-image size-full\"><img loading=\"lazy\" decoding=\"async\" width=\"960\" height=\"960\" src=\"https:\/\/www.msterronska.cz\/wp-content\/uploads\/2025\/08\/65de122e-fcfe-440f-b5b1-fe19325337f3.jpg\" alt=\"\" class=\"wp-image-1336\" srcset=\"https:\/\/www.msterronska.cz\/wp-content\/uploads\/2025\/08\/65de122e-fcfe-440f-b5b1-fe19325337f3.jpg 960w, https:\/\/www.msterronska.cz\/wp-content\/uploads\/2025\/08\/65de122e-fcfe-440f-b5b1-fe19325337f3-300x300.jpg 300w, https:\/\/www.msterronska.cz\/wp-content\/uploads\/2025\/08\/65de122e-fcfe-440f-b5b1-fe19325337f3-150x150.jpg 150w, https:\/\/www.msterronska.cz\/wp-content\/uploads\/2025\/08\/65de122e-fcfe-440f-b5b1-fe19325337f3-768x768.jpg 768w\" sizes=\"auto, (max-width: 960px) 100vw, 960px\" \/><\/figure>\n<\/div>\n\n\n\n<div class=\"wp-block-column is-layout-flow wp-block-column-is-layout-flow\" style=\"flex-basis:66.66%\">\n<p><strong>MICHAELA KLAUDOV\u00c1<\/strong> &#8211; u\u010ditelka<\/p>\n\n\n\n<p><br>Vystudovala jsem St\u0159edn\u00ed pedagogickou \u0161kolu v Beroun\u011b, od 16 let jsem jezdila na d\u011btsk\u00e9 t\u00e1bory jako praktikantka a pot\u00e9 jako vedouc\u00ed. V t\u00e9to mate\u0159sk\u00e9 \u0161kole pracuji 5. rokem. Sna\u017e\u00edm se do sv\u00e9 pr\u00e1ce vkl\u00e1dat prvky Montessori (vzd\u011bl\u00e1v\u00e1n\u00ed a v\u00fdchova pro\u017eitkem). Ke sv\u00e9 pr\u00e1ci si r\u00e1da vyr\u00e1b\u00edm vlastn\u00ed pom\u016fcky. Ve voln\u00e9m \u010dase r\u00e1da cestuji, \u010dtu knihy, hraji na piano a kytaru, zp\u00edv\u00e1m. Zaj\u00edm\u00e1m se o r\u016fzn\u00e9 ru\u010dn\u00ed pr\u00e1ce jako je d\u0159evo\u0159ezba, dr\u00e1tkov\u00e1n\u00ed a tvorba kost\u00fdm\u016f.<\/p>\n<\/div>\n<\/div>\n\n\n\n<div class=\"wp-block-columns is-layout-flex wp-container-core-columns-is-layout-9d6595d7 wp-block-columns-is-layout-flex\">\n<div class=\"wp-block-column is-layout-flow wp-block-column-is-layout-flow\" style=\"flex-basis:33.33%\">\n<figure class=\"wp-block-image size-full is-resized\"><img loading=\"lazy\" decoding=\"async\" width=\"170\" height=\"168\" src=\"https:\/\/www.msterronska.cz\/wp-content\/uploads\/2025\/08\/Leitgebova-Katerina.jpg\" alt=\"\" class=\"wp-image-1318\" style=\"width:237px;height:auto\"\/><\/figure>\n<\/div>\n\n\n\n<div class=\"wp-block-column is-layout-flow wp-block-column-is-layout-flow\" style=\"flex-basis:66.66%\">\n<p><\/p>\n\n\n\n<p><strong>KATE\u0158INA<\/strong> <strong>LEITGEBOV\u00c1<\/strong> &#8211; u\u010ditelka<br><\/p>\n\n\n\n<p>Sv\u011bt d\u011bt\u00ed se stal mou sou\u010d\u00e1st\u00ed ji\u017e v&nbsp;roce 1998, kdy jsem za\u010dala jezdit jako odd\u00edlov\u00e1 vedouc\u00ed na t\u00e1bor. V&nbsp;mate\u0159sk\u00e9 \u0161kole pracuji od roku 2016 \u2013 za\u010d\u00ednala jsem jako asistentka pedagoga a po dopln\u011bn\u00ed pedagogick\u00e9ho vzd\u011bl\u00e1n\u00ed jsem plynule p\u0159e\u0161la na pozici u\u010ditelky. R\u00e1da se s&nbsp;d\u011btmi sm\u011bji, jejich energie a pohled na sv\u011bt m\u011b u\u010d\u00ed \u2013 na opl\u00e1tku se sna\u017e\u00edm v\u00e9st d\u011bti ke v\u0161estrann\u00e9mu pozn\u00e1n\u00ed jejich schopnost\u00ed \u2013 pohybov\u00fdch, hudebn\u00edch, v\u00fdtvarn\u00fdch, hereck\u00fdch, a hlavn\u011b praktick\u00fdch pro \u017eivot. Nejv\u00edce si na d\u011btech cen\u00edm jejich up\u0159\u00edmnosti a okam\u017eit\u00e9 zp\u011btn\u00e9 vazby. Ve voln\u00e9m \u010dase se v\u011bnuji rodin\u011b, r\u00e1da pe\u010du, chod\u00edm na proch\u00e1zky se sv\u00fdm pejskem, jezd\u00edm na kole, m\u00e1m r\u00e1da \u010desk\u00e9 filmy, divadlo a tak\u00e9 r\u00e1da \u010dtu.<\/p>\n<\/div>\n<\/div>\n\n\n\n<p><br><\/p>\n\n\n\n<div class=\"wp-block-columns is-layout-flex wp-container-core-columns-is-layout-9d6595d7 wp-block-columns-is-layout-flex\">\n<div class=\"wp-block-column is-layout-flow wp-block-column-is-layout-flow\" style=\"flex-basis:33.33%\">\n<figure class=\"wp-block-image size-large\"><img loading=\"lazy\" decoding=\"async\" width=\"927\" height=\"1024\" src=\"https:\/\/www.msterronska.cz\/wp-content\/uploads\/2025\/11\/Priloha-bez-nazvu_-00448-2-927x1024.png\" alt=\"\" class=\"wp-image-1537\" srcset=\"https:\/\/www.msterronska.cz\/wp-content\/uploads\/2025\/11\/Priloha-bez-nazvu_-00448-2-927x1024.png 927w, https:\/\/www.msterronska.cz\/wp-content\/uploads\/2025\/11\/Priloha-bez-nazvu_-00448-2-271x300.png 271w, https:\/\/www.msterronska.cz\/wp-content\/uploads\/2025\/11\/Priloha-bez-nazvu_-00448-2-768x849.png 768w, https:\/\/www.msterronska.cz\/wp-content\/uploads\/2025\/11\/Priloha-bez-nazvu_-00448-2.png 1170w\" sizes=\"auto, (max-width: 927px) 100vw, 927px\" \/><\/figure>\n<\/div>\n\n\n\n<div class=\"wp-block-column is-layout-flow wp-block-column-is-layout-flow\" style=\"flex-basis:66.66%\">\n<div class=\"wp-block-columns is-layout-flex wp-container-core-columns-is-layout-9d6595d7 wp-block-columns-is-layout-flex\">\n<div class=\"wp-block-column is-layout-flow wp-block-column-is-layout-flow\">\n<div class=\"wp-block-group\"><div class=\"wp-block-group__inner-container is-layout-constrained wp-block-group-is-layout-constrained\">\n<details class=\"wp-block-details is-layout-flow wp-block-details-is-layout-flow\"><summary><strong>Mgr. et Mgr. Lucie Chourov\u00e1 &#8211; speci\u00e1ln\u00ed pedagog<\/strong><br><br>Cel\u00fd sv\u016fj profesn\u00ed \u017eivot&nbsp; pracuji s d\u011btmi. Nejprve jsem u\u010dila mal\u00e9 \u017e\u00e1\u010dky na 1. stupni Z\u0160 a pozd\u011bji za\u010dala pracovat jako \u0161koln\u00ed speci\u00e1ln\u00ed pedagog. Na t\u00e9to pozici pracuji dodnes a p\u0159izn\u00e1m se, \u017ee m\u011b to st\u00e1le bav\u00ed a napl\u0148uje.&nbsp;<br>I proto jsem si zalo\u017eila svoji soukromou praxi, nad\u00e1le se vzd\u011bl\u00e1v\u00e1m, nav\u0161t\u011bvuji r\u016fzn\u00e9 kurzy a \u0161kolen\u00ed, d\u00edky nim\u017e pak mohu s d\u011btmi prost\u0159ednictv\u00edm r\u016fzn\u00fdch metod pracovat a pom\u00e1hat jim.<br>Mezi m\u00e9 kon\u00ed\u010dky pat\u0159\u00ed cestov\u00e1n\u00ed a \u010detba..<\/summary>\n<p><\/p>\n<\/details>\n<\/div><\/div>\n<\/div>\n<\/div>\n<\/div>\n<\/div>\n\n\n\n<div class=\"wp-block-columns is-layout-flex wp-container-core-columns-is-layout-9d6595d7 wp-block-columns-is-layout-flex\">\n<div class=\"wp-block-column is-layout-flow wp-block-column-is-layout-flow\" style=\"flex-basis:33.33%\">\n<figure class=\"wp-block-image size-large\"><img loading=\"lazy\" decoding=\"async\" width=\"719\" height=\"1024\" src=\"https:\/\/www.msterronska.cz\/wp-content\/uploads\/2025\/12\/IMG_0226-719x1024.jpeg\" alt=\"\" class=\"wp-image-1598\" srcset=\"https:\/\/www.msterronska.cz\/wp-content\/uploads\/2025\/12\/IMG_0226-719x1024.jpeg 719w, https:\/\/www.msterronska.cz\/wp-content\/uploads\/2025\/12\/IMG_0226-211x300.jpeg 211w, https:\/\/www.msterronska.cz\/wp-content\/uploads\/2025\/12\/IMG_0226-768x1094.jpeg 768w, https:\/\/www.msterronska.cz\/wp-content\/uploads\/2025\/12\/IMG_0226-1079x1536.jpeg 1079w, https:\/\/www.msterronska.cz\/wp-content\/uploads\/2025\/12\/IMG_0226-1438x2048.jpeg 1438w, https:\/\/www.msterronska.cz\/wp-content\/uploads\/2025\/12\/IMG_0226-scaled.jpeg 1798w\" sizes=\"auto, (max-width: 719px) 100vw, 719px\" \/><\/figure>\n<\/div>\n\n\n\n<div class=\"wp-block-column is-layout-flow wp-block-column-is-layout-flow\" style=\"flex-basis:66.66%\">\n<p><strong>DANIELA VAGALOV\u00c1<\/strong> &#8211; asistent pedagoga<\/p>\n\n\n\n<p><br>Pr\u00e1ci s d\u011btmi jsem si zamilovala u\u017e v osmn\u00e1cti letech, kdy jsem poprv\u00e9 odjela jako odd\u00edlov\u00e1 vedouc\u00ed na d\u011btsk\u00fd t\u00e1bor. Od t\u00e9 doby jezd\u00edm pravideln\u011b a ka\u017ed\u00fd rok mi p\u0159ipomene, jak moc m\u011b bav\u00ed b\u00fdt sou\u010d\u00e1st\u00ed d\u011btsk\u00e9ho sv\u011bta. L\u00edb\u00ed se mi, jak m\u016f\u017ee b\u00fdt ka\u017ed\u00fd den s d\u011btmi \u00fapln\u011b jin\u00fd \u2013 vesel\u00fd, barevn\u00fd, pln\u00fd ne\u010dekan\u00fdch n\u00e1pad\u016f a mal\u00fdch radost\u00ed. A p\u0159esn\u011b takovou atmosf\u00e9ru se sna\u017e\u00edm vytv\u00e1\u0159et i jim.<\/p>\n\n\n\n<p>Ve \u0161kolce pracuji jako asistent pedagoga a m\u00e1m radost, \u017ee tu mohu b\u00fdt d\u011btem oporou, pomocn\u00edkem i n\u011bk\u00fdm, kdo jim jejich den alespo\u0148 o kousek rozz\u00e1\u0159\u00ed.<\/p>\n\n\n\n<p>Ve voln\u00e9m \u010dase r\u00e1da sportuji, pe\u010du, vyr\u00e1\u017e\u00edm do hor a v\u011bnuji se v\u0161emu, u \u010deho \u00fapln\u011b zapomenu na \u010das a c\u00edt\u00edm se opravdu \u017eiv\u00e1.<\/p>\n<\/div>\n<\/div>\n\n\n\n<p><\/p>\n","protected":false},"excerpt":{"rendered":"<p>T\u0159\u00edda Ko\u0165at se nach\u00e1z\u00ed v 1. pat\u0159e, pro vstup do budovy je t\u0159eba pou\u017e\u00edt hlavn\u00ed vchod. \u0160atnu naleznete v suter\u00e9nu, ze \u0161atny se pak dostanete [&hellip;]<\/p>\n","protected":false},"author":2,"featured_media":0,"parent":77,"menu_order":4,"comment_status":"closed","ping_status":"closed","template":"","meta":{"pgc_sgb_lightbox_settings":"","footnotes":""},"class_list":["post-151","page","type-page","status-publish","hentry"],"_links":{"self":[{"href":"https:\/\/www.msterronska.cz\/index.php\/wp-json\/wp\/v2\/pages\/151","targetHints":{"allow":["GET"]}}],"collection":[{"href":"https:\/\/www.msterronska.cz\/index.php\/wp-json\/wp\/v2\/pages"}],"about":[{"href":"https:\/\/www.msterronska.cz\/index.php\/wp-json\/wp\/v2\/types\/page"}],"author":[{"embeddable":true,"href":"https:\/\/www.msterronska.cz\/index.php\/wp-json\/wp\/v2\/users\/2"}],"replies":[{"embeddable":true,"href":"https:\/\/www.msterronska.cz\/index.php\/wp-json\/wp\/v2\/comments?post=151"}],"version-history":[{"count":40,"href":"https:\/\/www.msterronska.cz\/index.php\/wp-json\/wp\/v2\/pages\/151\/revisions"}],"predecessor-version":[{"id":1600,"href":"https:\/\/www.msterronska.cz\/index.php\/wp-json\/wp\/v2\/pages\/151\/revisions\/1600"}],"up":[{"embeddable":true,"href":"https:\/\/www.msterronska.cz\/index.php\/wp-json\/wp\/v2\/pages\/77"}],"wp:attachment":[{"href":"https:\/\/www.msterronska.cz\/index.php\/wp-json\/wp\/v2\/media?parent=151"}],"curies":[{"name":"wp","href":"https:\/\/api.w.org\/{rel}","templated":true}]}}