{"id":104,"date":"2023-08-13T14:12:30","date_gmt":"2023-08-13T12:12:30","guid":{"rendered":"https:\/\/new.terronska.cz\/?page_id=104"},"modified":"2026-02-01T17:23:35","modified_gmt":"2026-02-01T16:23:35","slug":"4-oddeleni-medvedi","status":"publish","type":"page","link":"https:\/\/www.msterronska.cz\/index.php\/oddeleni-nasi-skolky\/4-oddeleni-medvedi\/","title":{"rendered":"4. odd\u011blen\u00ed &#8211; Medv\u011bdi"},"content":{"rendered":"\n<p>T\u0159\u00edda Medv\u011bd\u016f se nach\u00e1z\u00ed v p\u0159\u00edzem\u00ed, pro vstup do budovy a \u0161atny je pot\u0159eba vyu\u017e\u00edt zadn\u00ed vchod, kter\u00fd je spole\u010dn\u00fd se 3. odd\u011blen\u00edm. D\u011bti v t\u00e9to t\u0159\u00edd\u011b jsou ve v\u011bku od 4 &#8211; 6 let, s l\u00e1skou se n\u011b star\u00e1 pan\u00ed u\u010ditelka Jarmila Kone\u010dn\u00e1, Bc. Anna Jord\u00e1nov\u00e1 a Mark\u00e9ta Skramusk\u00e1.<\/p>\n\n\n\n<p>Mobiln\u00ed kontakt: <a href=\"http:\/\/+420 733 583 231\">+420 733 583 231<\/a><\/p>\n\n\n\n<figure class=\"wp-block-gallery has-nested-images columns-default is-cropped wp-block-gallery-1 is-layout-flex wp-block-gallery-is-layout-flex\">\n<figure class=\"wp-block-image size-large\"><img loading=\"lazy\" decoding=\"async\" width=\"1024\" height=\"768\" data-id=\"1444\" src=\"https:\/\/www.msterronska.cz\/wp-content\/uploads\/2025\/08\/4.-oddeleni-1-1024x768.jpeg\" alt=\"\" class=\"wp-image-1444\" srcset=\"https:\/\/www.msterronska.cz\/wp-content\/uploads\/2025\/08\/4.-oddeleni-1-1024x768.jpeg 1024w, https:\/\/www.msterronska.cz\/wp-content\/uploads\/2025\/08\/4.-oddeleni-1-300x225.jpeg 300w, https:\/\/www.msterronska.cz\/wp-content\/uploads\/2025\/08\/4.-oddeleni-1-768x576.jpeg 768w, https:\/\/www.msterronska.cz\/wp-content\/uploads\/2025\/08\/4.-oddeleni-1-1536x1152.jpeg 1536w, https:\/\/www.msterronska.cz\/wp-content\/uploads\/2025\/08\/4.-oddeleni-1.jpeg 2048w\" sizes=\"auto, (max-width: 1024px) 100vw, 1024px\" \/><\/figure>\n\n\n\n<figure class=\"wp-block-image size-large\"><img loading=\"lazy\" decoding=\"async\" width=\"1024\" height=\"768\" data-id=\"1445\" src=\"https:\/\/www.msterronska.cz\/wp-content\/uploads\/2025\/08\/4.-oddeleni-2-1024x768.jpeg\" alt=\"\" class=\"wp-image-1445\" srcset=\"https:\/\/www.msterronska.cz\/wp-content\/uploads\/2025\/08\/4.-oddeleni-2-1024x768.jpeg 1024w, https:\/\/www.msterronska.cz\/wp-content\/uploads\/2025\/08\/4.-oddeleni-2-300x225.jpeg 300w, https:\/\/www.msterronska.cz\/wp-content\/uploads\/2025\/08\/4.-oddeleni-2-768x576.jpeg 768w, https:\/\/www.msterronska.cz\/wp-content\/uploads\/2025\/08\/4.-oddeleni-2-1536x1152.jpeg 1536w, https:\/\/www.msterronska.cz\/wp-content\/uploads\/2025\/08\/4.-oddeleni-2.jpeg 2048w\" sizes=\"auto, (max-width: 1024px) 100vw, 1024px\" \/><\/figure>\n\n\n\n<figure class=\"wp-block-image size-large\"><img loading=\"lazy\" decoding=\"async\" width=\"1024\" height=\"768\" data-id=\"1446\" src=\"https:\/\/www.msterronska.cz\/wp-content\/uploads\/2025\/08\/4.-oddeleni-3-1024x768.jpeg\" alt=\"\" class=\"wp-image-1446\" srcset=\"https:\/\/www.msterronska.cz\/wp-content\/uploads\/2025\/08\/4.-oddeleni-3-1024x768.jpeg 1024w, https:\/\/www.msterronska.cz\/wp-content\/uploads\/2025\/08\/4.-oddeleni-3-300x225.jpeg 300w, https:\/\/www.msterronska.cz\/wp-content\/uploads\/2025\/08\/4.-oddeleni-3-768x576.jpeg 768w, https:\/\/www.msterronska.cz\/wp-content\/uploads\/2025\/08\/4.-oddeleni-3-1536x1152.jpeg 1536w, https:\/\/www.msterronska.cz\/wp-content\/uploads\/2025\/08\/4.-oddeleni-3.jpeg 2048w\" sizes=\"auto, (max-width: 1024px) 100vw, 1024px\" \/><\/figure>\n\n\n\n<figure class=\"wp-block-image size-large\"><img loading=\"lazy\" decoding=\"async\" width=\"1024\" height=\"768\" data-id=\"1447\" src=\"https:\/\/www.msterronska.cz\/wp-content\/uploads\/2025\/08\/4.-oddeleni-4-1024x768.jpeg\" alt=\"\" class=\"wp-image-1447\" srcset=\"https:\/\/www.msterronska.cz\/wp-content\/uploads\/2025\/08\/4.-oddeleni-4-1024x768.jpeg 1024w, https:\/\/www.msterronska.cz\/wp-content\/uploads\/2025\/08\/4.-oddeleni-4-300x225.jpeg 300w, https:\/\/www.msterronska.cz\/wp-content\/uploads\/2025\/08\/4.-oddeleni-4-768x576.jpeg 768w, https:\/\/www.msterronska.cz\/wp-content\/uploads\/2025\/08\/4.-oddeleni-4-1536x1152.jpeg 1536w, https:\/\/www.msterronska.cz\/wp-content\/uploads\/2025\/08\/4.-oddeleni-4.jpeg 2048w\" sizes=\"auto, (max-width: 1024px) 100vw, 1024px\" \/><\/figure>\n\n\n\n<figure class=\"wp-block-image size-large\"><img loading=\"lazy\" decoding=\"async\" width=\"1024\" height=\"655\" data-id=\"1448\" src=\"https:\/\/www.msterronska.cz\/wp-content\/uploads\/2025\/08\/4.-oddeleni-6-1024x655.jpeg\" alt=\"\" class=\"wp-image-1448\" srcset=\"https:\/\/www.msterronska.cz\/wp-content\/uploads\/2025\/08\/4.-oddeleni-6-1024x655.jpeg 1024w, https:\/\/www.msterronska.cz\/wp-content\/uploads\/2025\/08\/4.-oddeleni-6-300x192.jpeg 300w, https:\/\/www.msterronska.cz\/wp-content\/uploads\/2025\/08\/4.-oddeleni-6-768x491.jpeg 768w, https:\/\/www.msterronska.cz\/wp-content\/uploads\/2025\/08\/4.-oddeleni-6-1536x982.jpeg 1536w, https:\/\/www.msterronska.cz\/wp-content\/uploads\/2025\/08\/4.-oddeleni-6-2048x1309.jpeg 2048w\" sizes=\"auto, (max-width: 1024px) 100vw, 1024px\" \/><\/figure>\n\n\n\n<figure class=\"wp-block-image size-large\"><img loading=\"lazy\" decoding=\"async\" width=\"1024\" height=\"768\" data-id=\"1449\" src=\"https:\/\/www.msterronska.cz\/wp-content\/uploads\/2025\/08\/4.-oddeleni-8-1024x768.jpeg\" alt=\"\" class=\"wp-image-1449\" srcset=\"https:\/\/www.msterronska.cz\/wp-content\/uploads\/2025\/08\/4.-oddeleni-8-1024x768.jpeg 1024w, https:\/\/www.msterronska.cz\/wp-content\/uploads\/2025\/08\/4.-oddeleni-8-300x225.jpeg 300w, https:\/\/www.msterronska.cz\/wp-content\/uploads\/2025\/08\/4.-oddeleni-8-768x576.jpeg 768w, https:\/\/www.msterronska.cz\/wp-content\/uploads\/2025\/08\/4.-oddeleni-8-1536x1152.jpeg 1536w, https:\/\/www.msterronska.cz\/wp-content\/uploads\/2025\/08\/4.-oddeleni-8.jpeg 2048w\" sizes=\"auto, (max-width: 1024px) 100vw, 1024px\" \/><\/figure>\n<\/figure>\n\n\n\n<div class=\"wp-block-columns is-layout-flex wp-container-core-columns-is-layout-9d6595d7 wp-block-columns-is-layout-flex\">\n<div class=\"wp-block-column is-layout-flow wp-block-column-is-layout-flow\" style=\"flex-basis:33.33%\">\n<figure class=\"wp-block-image size-large\"><img loading=\"lazy\" decoding=\"async\" width=\"825\" height=\"1024\" src=\"https:\/\/www.terronska.cz\/wp-content\/uploads\/2024\/08\/20240825_085109-825x1024.jpeg\" alt=\"\" class=\"wp-image-928\" srcset=\"https:\/\/www.msterronska.cz\/wp-content\/uploads\/2024\/08\/20240825_085109-825x1024.jpeg 825w, https:\/\/www.msterronska.cz\/wp-content\/uploads\/2024\/08\/20240825_085109-242x300.jpeg 242w, https:\/\/www.msterronska.cz\/wp-content\/uploads\/2024\/08\/20240825_085109-768x953.jpeg 768w, https:\/\/www.msterronska.cz\/wp-content\/uploads\/2024\/08\/20240825_085109-1238x1536.jpeg 1238w, https:\/\/www.msterronska.cz\/wp-content\/uploads\/2024\/08\/20240825_085109-1651x2048.jpeg 1651w\" sizes=\"auto, (max-width: 825px) 100vw, 825px\" \/><\/figure>\n<\/div>\n\n\n\n<div class=\"wp-block-column is-layout-flow wp-block-column-is-layout-flow\" style=\"flex-basis:66.66%\">\n<p><\/p>\n\n\n\n<p><strong>JARMILA KONE\u010cN\u00c1<\/strong> &#8211; u\u010ditelka, zdravotn\u00edk zotavovac\u00edch akc\u00ed<\/p>\n\n\n\n<p>Po studiu na pedagogick\u00e9 \u0161kole jsem absolvovala maturitn\u00ed zkou\u0161ku ze speci\u00e1ln\u00ed pedagogiky, kurz logopedick\u00e9ho asistenta a keramick\u00fd kurz. Celo\u017eivotn\u011b se vzd\u011bl\u00e1v\u00e1m na semin\u00e1\u0159\u00edch zam\u011b\u0159en\u00fdch na d\u011bti p\u0159ed\u0161koln\u00edho v\u011bku. Pr\u00e1ci s d\u011btmi beru jako sv\u00e9 \u017eivotn\u00ed posl\u00e1n\u00ed. Jsem jim pr\u016fvodcem na cest\u011b za pozn\u00e1v\u00e1n\u00edm a objevov\u00e1n\u00edm sv\u011bta, kter\u00fd je obklopuje. A tak se r\u016fzn\u00fdmi metodami a formami spole\u010dn\u011b u\u010d\u00edme.<\/p>\n<\/div>\n<\/div>\n\n\n\n<div class=\"wp-block-columns is-layout-flex wp-container-core-columns-is-layout-9d6595d7 wp-block-columns-is-layout-flex\">\n<div class=\"wp-block-column is-layout-flow wp-block-column-is-layout-flow\" style=\"flex-basis:33.33%\">\n<figure class=\"wp-block-image size-large\"><img loading=\"lazy\" decoding=\"async\" width=\"768\" height=\"1024\" src=\"https:\/\/www.msterronska.cz\/wp-content\/uploads\/2026\/01\/IMG_8741-1-768x1024.jpg\" alt=\"\" class=\"wp-image-1631\" srcset=\"https:\/\/www.msterronska.cz\/wp-content\/uploads\/2026\/01\/IMG_8741-1-768x1024.jpg 768w, https:\/\/www.msterronska.cz\/wp-content\/uploads\/2026\/01\/IMG_8741-1-225x300.jpg 225w, https:\/\/www.msterronska.cz\/wp-content\/uploads\/2026\/01\/IMG_8741-1-1152x1536.jpg 1152w, https:\/\/www.msterronska.cz\/wp-content\/uploads\/2026\/01\/IMG_8741-1.jpg 1512w\" sizes=\"auto, (max-width: 768px) 100vw, 768px\" \/><\/figure>\n<\/div>\n\n\n\n<div class=\"wp-block-column is-layout-flow wp-block-column-is-layout-flow\" style=\"flex-basis:66.66%\">\n<p><\/p>\n\n\n\n<p><strong>Bc. ANNA KRUMPOV\u00c1 &#8211; u\u010ditelka<\/strong><\/p>\n\n\n\n<p>Jsem absolventkou Pedagogick\u00e9 fakulty Univerzity Karlovy, vystudovala jsem obor U\u010ditelstv\u00ed pro mate\u0159sk\u00e9 \u0161koly. Dva roky jsem pracovala v \u010desko-anglick\u00e9 Montessori mate\u0159sk\u00e9 \u0161kole, kde jsem z\u00edskala zku\u0161enosti a uv\u011bdomila si, jak je d\u016fle\u017eit\u00e9 v\u00e9st d\u011bti k samostatnosti, zv\u00eddavosti, zodpov\u011bdnosti a k respektu k ostatn\u00edm lidem a ke sv\u00e9mu okol\u00ed. Ve voln\u00e9m \u010dase se v\u011bnuji pohybu, nejv\u00edce m\u011b bav\u00ed chodit na dlouh\u00e9 proch\u00e1zky do p\u0159\u00edrody se psem a plav\u00e1n\u00ed. R\u00e1da maluji, kresl\u00edm, tvo\u0159\u00edm. Tak\u00e9 nav\u0161t\u011bvuji v\u00fdstavy a divadla. Tuto pr\u00e1ci jsem si vybrala proto, \u017ee v n\u00ed mohu uplat\u0148ovat svou kreativitu. M\u00e1m r\u00e1da d\u011btskou fantazii a bav\u00ed m\u011b p\u0159ed\u00e1vat sv\u00e9 znalosti a z\u00e1rove\u0148 se od d\u011bt\u00ed neust\u00e1le n\u011bco nov\u00e9ho u\u010d\u00edm.&nbsp;<\/p>\n\n\n\n<p><\/p>\n<\/div>\n<\/div>\n\n\n\n<div class=\"wp-block-columns is-layout-flex wp-container-core-columns-is-layout-9d6595d7 wp-block-columns-is-layout-flex\">\n<div class=\"wp-block-column is-layout-flow wp-block-column-is-layout-flow\" style=\"flex-basis:33.33%\">\n<figure class=\"wp-block-image size-large\"><img loading=\"lazy\" decoding=\"async\" width=\"776\" height=\"1024\" src=\"https:\/\/www.msterronska.cz\/wp-content\/uploads\/2026\/02\/image0-9-776x1024.jpeg\" alt=\"\" class=\"wp-image-1729\" srcset=\"https:\/\/www.msterronska.cz\/wp-content\/uploads\/2026\/02\/image0-9-776x1024.jpeg 776w, https:\/\/www.msterronska.cz\/wp-content\/uploads\/2026\/02\/image0-9-227x300.jpeg 227w, https:\/\/www.msterronska.cz\/wp-content\/uploads\/2026\/02\/image0-9-768x1014.jpeg 768w, https:\/\/www.msterronska.cz\/wp-content\/uploads\/2026\/02\/image0-9-1164x1536.jpeg 1164w, https:\/\/www.msterronska.cz\/wp-content\/uploads\/2026\/02\/image0-9.jpeg 1212w\" sizes=\"auto, (max-width: 776px) 100vw, 776px\" \/><\/figure>\n<\/div>\n\n\n\n<div class=\"wp-block-column is-layout-flow wp-block-column-is-layout-flow\" style=\"flex-basis:66.66%\">\n<p><\/p>\n\n\n\n<p><strong>MARK\u00c9TA SKRAMUSK\u00c1<\/strong> &#8211; asistent pedagoga<\/p>\n\n\n\n<p>Vystudovala jsem cestovn\u00ed ruch a historii. Absolvovala jsem tak\u00e9 kurz asistenta pedagoga a vychovatele. V\u00edce ne\u017e 10 let pracuji s lidmi a po mate\u0159sk\u00e9 dovolen\u00e9 jsem se rozhodla zam\u011b\u0159it p\u0159\u00edmo na pr\u00e1ci s d\u011btmi. Fascinuje m\u011b jejich up\u0159\u00edmnost, otev\u0159enost a \u010dist\u00e1 du\u0161e. R\u00e1da pro n\u011b vym\u00fd\u0161l\u00edm pestr\u00e9 aktivity, programy a kreativn\u00ed tvo\u0159en\u00ed. Na\u0161i mate\u0159skou \u0161kolu jsem sama v d\u011btstv\u00ed nav\u0161t\u011bvovala, a o to v\u011bt\u0161\u00ed radost m\u00e1m z toho, \u017ee zde nyn\u00ed mohu p\u016fsobit i profesn\u011b. Je to pro m\u011b skute\u010dn\u011b srdcov\u00e1 z\u00e1le\u017eitost. Ve voln\u00e9m \u010dase se v\u011bnuji sv\u00fdm d\u011btem a na\u0161im zv\u00ed\u0159\u00e1tk\u016fm. R\u00e1da \u0161iji, h\u00e1\u010dkuji, v\u011bnuji se cosplay tvorb\u011b, kaligrafii, pe\u010den\u00ed a hran\u00ed deskov\u00fdch her. Mezi m\u00e9 z\u00e1liby pat\u0159\u00ed tak\u00e9 kulturn\u00ed a historick\u00e9 pam\u00e1tky, comic cony, v\u00fdlety, turistika, stanov\u00e1n\u00ed a objevov\u00e1n\u00ed nov\u00fdch zem\u00ed.<\/p>\n<\/div>\n<\/div>\n","protected":false},"excerpt":{"rendered":"<p>T\u0159\u00edda Medv\u011bd\u016f se nach\u00e1z\u00ed v p\u0159\u00edzem\u00ed, pro vstup do budovy a \u0161atny je pot\u0159eba vyu\u017e\u00edt zadn\u00ed vchod, kter\u00fd je spole\u010dn\u00fd se 3. odd\u011blen\u00edm. D\u011bti v [&hellip;]<\/p>\n","protected":false},"author":1,"featured_media":0,"parent":77,"menu_order":4,"comment_status":"closed","ping_status":"closed","template":"","meta":{"pgc_sgb_lightbox_settings":"","footnotes":""},"class_list":["post-104","page","type-page","status-publish","hentry"],"_links":{"self":[{"href":"https:\/\/www.msterronska.cz\/index.php\/wp-json\/wp\/v2\/pages\/104","targetHints":{"allow":["GET"]}}],"collection":[{"href":"https:\/\/www.msterronska.cz\/index.php\/wp-json\/wp\/v2\/pages"}],"about":[{"href":"https:\/\/www.msterronska.cz\/index.php\/wp-json\/wp\/v2\/types\/page"}],"author":[{"embeddable":true,"href":"https:\/\/www.msterronska.cz\/index.php\/wp-json\/wp\/v2\/users\/1"}],"replies":[{"embeddable":true,"href":"https:\/\/www.msterronska.cz\/index.php\/wp-json\/wp\/v2\/comments?post=104"}],"version-history":[{"count":31,"href":"https:\/\/www.msterronska.cz\/index.php\/wp-json\/wp\/v2\/pages\/104\/revisions"}],"predecessor-version":[{"id":1736,"href":"https:\/\/www.msterronska.cz\/index.php\/wp-json\/wp\/v2\/pages\/104\/revisions\/1736"}],"up":[{"embeddable":true,"href":"https:\/\/www.msterronska.cz\/index.php\/wp-json\/wp\/v2\/pages\/77"}],"wp:attachment":[{"href":"https:\/\/www.msterronska.cz\/index.php\/wp-json\/wp\/v2\/media?parent=104"}],"curies":[{"name":"wp","href":"https:\/\/api.w.org\/{rel}","templated":true}]}}