{"id":102,"date":"2023-08-13T14:05:04","date_gmt":"2023-08-13T12:05:04","guid":{"rendered":"https:\/\/new.terronska.cz\/?page_id=102"},"modified":"2026-03-20T07:43:46","modified_gmt":"2026-03-20T06:43:46","slug":"3-oddeleni-broucci","status":"publish","type":"page","link":"https:\/\/www.msterronska.cz\/index.php\/oddeleni-nasi-skolky\/3-oddeleni-broucci\/","title":{"rendered":"3. odd\u011blen\u00ed &#8211; Brou\u010dci"},"content":{"rendered":"\n<p>Odd\u011blen\u00ed Brou\u010dk\u016f se nach\u00e1z\u00ed v p\u0159\u00edzem\u00ed, pro vstup do budovy a \u0161atny je t\u0159eba pou\u017e\u00edt zadn\u00ed vchod. Vstup do budovy i \u0161atna jsou spole\u010dn\u00e9 se 4. odd\u011blen\u00edm. Odd\u011blen\u00ed Brou\u010dk\u016f tvo\u0159\u00ed d\u011bti od 3 &#8211; 4 let a staraj\u00ed se o n\u011b pan\u00ed u\u010ditelky: Magdalena Krupi\u010dkov\u00e1, DiS. a Vendula Habrov\u00e1.<\/p>\n\n\n\n<p>Mobiln\u00ed kontakt: <a href=\"http:\/\/+420 733 583 233\">+420 733 583 233<\/a><\/p>\n\n\n\n<figure class=\"wp-block-gallery has-nested-images columns-default is-cropped wp-block-gallery-1 is-layout-flex wp-block-gallery-is-layout-flex\">\n<figure class=\"wp-block-image size-large\"><img loading=\"lazy\" decoding=\"async\" width=\"1024\" height=\"768\" data-id=\"1436\" src=\"https:\/\/www.msterronska.cz\/wp-content\/uploads\/2025\/08\/3.-oddeleni-1-1024x768.jpeg\" alt=\"\" class=\"wp-image-1436\" srcset=\"https:\/\/www.msterronska.cz\/wp-content\/uploads\/2025\/08\/3.-oddeleni-1-1024x768.jpeg 1024w, https:\/\/www.msterronska.cz\/wp-content\/uploads\/2025\/08\/3.-oddeleni-1-300x225.jpeg 300w, https:\/\/www.msterronska.cz\/wp-content\/uploads\/2025\/08\/3.-oddeleni-1-768x576.jpeg 768w, https:\/\/www.msterronska.cz\/wp-content\/uploads\/2025\/08\/3.-oddeleni-1-1536x1152.jpeg 1536w, https:\/\/www.msterronska.cz\/wp-content\/uploads\/2025\/08\/3.-oddeleni-1.jpeg 2048w\" sizes=\"auto, (max-width: 1024px) 100vw, 1024px\" \/><\/figure>\n\n\n\n<figure class=\"wp-block-image size-large\"><img loading=\"lazy\" decoding=\"async\" width=\"1024\" height=\"768\" data-id=\"1437\" src=\"https:\/\/www.msterronska.cz\/wp-content\/uploads\/2025\/08\/3.-oddeleni-3-1024x768.jpeg\" alt=\"\" class=\"wp-image-1437\" srcset=\"https:\/\/www.msterronska.cz\/wp-content\/uploads\/2025\/08\/3.-oddeleni-3-1024x768.jpeg 1024w, https:\/\/www.msterronska.cz\/wp-content\/uploads\/2025\/08\/3.-oddeleni-3-300x225.jpeg 300w, https:\/\/www.msterronska.cz\/wp-content\/uploads\/2025\/08\/3.-oddeleni-3-768x576.jpeg 768w, https:\/\/www.msterronska.cz\/wp-content\/uploads\/2025\/08\/3.-oddeleni-3-1536x1152.jpeg 1536w, https:\/\/www.msterronska.cz\/wp-content\/uploads\/2025\/08\/3.-oddeleni-3.jpeg 2048w\" sizes=\"auto, (max-width: 1024px) 100vw, 1024px\" \/><\/figure>\n\n\n\n<figure class=\"wp-block-image size-large\"><img loading=\"lazy\" decoding=\"async\" width=\"1024\" height=\"768\" data-id=\"1438\" src=\"https:\/\/www.msterronska.cz\/wp-content\/uploads\/2025\/08\/3.-oddeleni-1-1-1024x768.jpeg\" alt=\"\" class=\"wp-image-1438\" srcset=\"https:\/\/www.msterronska.cz\/wp-content\/uploads\/2025\/08\/3.-oddeleni-1-1-1024x768.jpeg 1024w, https:\/\/www.msterronska.cz\/wp-content\/uploads\/2025\/08\/3.-oddeleni-1-1-300x225.jpeg 300w, https:\/\/www.msterronska.cz\/wp-content\/uploads\/2025\/08\/3.-oddeleni-1-1-768x576.jpeg 768w, https:\/\/www.msterronska.cz\/wp-content\/uploads\/2025\/08\/3.-oddeleni-1-1-1536x1152.jpeg 1536w, https:\/\/www.msterronska.cz\/wp-content\/uploads\/2025\/08\/3.-oddeleni-1-1.jpeg 2048w\" sizes=\"auto, (max-width: 1024px) 100vw, 1024px\" \/><\/figure>\n\n\n\n<figure class=\"wp-block-image size-large\"><img loading=\"lazy\" decoding=\"async\" width=\"1024\" height=\"768\" data-id=\"1439\" src=\"https:\/\/www.msterronska.cz\/wp-content\/uploads\/2025\/08\/3.-oddeleni-5-1024x768.jpeg\" alt=\"\" class=\"wp-image-1439\" srcset=\"https:\/\/www.msterronska.cz\/wp-content\/uploads\/2025\/08\/3.-oddeleni-5-1024x768.jpeg 1024w, https:\/\/www.msterronska.cz\/wp-content\/uploads\/2025\/08\/3.-oddeleni-5-300x225.jpeg 300w, https:\/\/www.msterronska.cz\/wp-content\/uploads\/2025\/08\/3.-oddeleni-5-768x576.jpeg 768w, https:\/\/www.msterronska.cz\/wp-content\/uploads\/2025\/08\/3.-oddeleni-5-1536x1152.jpeg 1536w, https:\/\/www.msterronska.cz\/wp-content\/uploads\/2025\/08\/3.-oddeleni-5.jpeg 2048w\" sizes=\"auto, (max-width: 1024px) 100vw, 1024px\" \/><\/figure>\n\n\n\n<figure class=\"wp-block-image size-large\"><img loading=\"lazy\" decoding=\"async\" width=\"1024\" height=\"768\" data-id=\"1440\" src=\"https:\/\/www.msterronska.cz\/wp-content\/uploads\/2025\/08\/3.-oddeleni-8-1024x768.jpeg\" alt=\"\" class=\"wp-image-1440\" srcset=\"https:\/\/www.msterronska.cz\/wp-content\/uploads\/2025\/08\/3.-oddeleni-8-1024x768.jpeg 1024w, https:\/\/www.msterronska.cz\/wp-content\/uploads\/2025\/08\/3.-oddeleni-8-300x225.jpeg 300w, https:\/\/www.msterronska.cz\/wp-content\/uploads\/2025\/08\/3.-oddeleni-8-768x576.jpeg 768w, https:\/\/www.msterronska.cz\/wp-content\/uploads\/2025\/08\/3.-oddeleni-8-1536x1152.jpeg 1536w, https:\/\/www.msterronska.cz\/wp-content\/uploads\/2025\/08\/3.-oddeleni-8.jpeg 2048w\" sizes=\"auto, (max-width: 1024px) 100vw, 1024px\" \/><\/figure>\n\n\n\n<figure class=\"wp-block-image size-large\"><img loading=\"lazy\" decoding=\"async\" width=\"1024\" height=\"768\" data-id=\"1441\" src=\"https:\/\/www.msterronska.cz\/wp-content\/uploads\/2025\/08\/3.-oddeleni-10-1024x768.jpeg\" alt=\"\" class=\"wp-image-1441\" srcset=\"https:\/\/www.msterronska.cz\/wp-content\/uploads\/2025\/08\/3.-oddeleni-10-1024x768.jpeg 1024w, https:\/\/www.msterronska.cz\/wp-content\/uploads\/2025\/08\/3.-oddeleni-10-300x225.jpeg 300w, https:\/\/www.msterronska.cz\/wp-content\/uploads\/2025\/08\/3.-oddeleni-10-768x576.jpeg 768w, https:\/\/www.msterronska.cz\/wp-content\/uploads\/2025\/08\/3.-oddeleni-10-1536x1152.jpeg 1536w, https:\/\/www.msterronska.cz\/wp-content\/uploads\/2025\/08\/3.-oddeleni-10.jpeg 2048w\" sizes=\"auto, (max-width: 1024px) 100vw, 1024px\" \/><\/figure>\n<\/figure>\n\n\n\n<div class=\"wp-block-columns is-layout-flex wp-container-core-columns-is-layout-9d6595d7 wp-block-columns-is-layout-flex\">\n<div class=\"wp-block-column is-layout-flow wp-block-column-is-layout-flow\" style=\"flex-basis:33.33%\"><\/div>\n<\/div>\n\n\n\n<div class=\"wp-block-columns is-layout-flex wp-container-core-columns-is-layout-9d6595d7 wp-block-columns-is-layout-flex\">\n<div class=\"wp-block-column is-layout-flow wp-block-column-is-layout-flow\" style=\"flex-basis:33.33%\">\n<figure class=\"wp-block-image size-full is-resized\"><img loading=\"lazy\" decoding=\"async\" width=\"512\" height=\"716\" src=\"https:\/\/www.terronska.cz\/wp-content\/uploads\/2023\/08\/302283780_598678788410555_1671064275635100566_n.jpg\" alt=\"\" class=\"wp-image-231\" style=\"width:260px\" srcset=\"https:\/\/www.msterronska.cz\/wp-content\/uploads\/2023\/08\/302283780_598678788410555_1671064275635100566_n.jpg 512w, https:\/\/www.msterronska.cz\/wp-content\/uploads\/2023\/08\/302283780_598678788410555_1671064275635100566_n-215x300.jpg 215w\" sizes=\"auto, (max-width: 512px) 100vw, 512px\" \/><\/figure>\n<\/div>\n\n\n\n<div class=\"wp-block-column is-layout-flow wp-block-column-is-layout-flow\" style=\"flex-basis:66.66%\">\n<p><\/p>\n\n\n\n<p><strong>KRUPI\u010cKOV\u00c1 MAGDALENA, DiS. &#8211; u\u010ditelka<\/strong><\/p>\n\n\n\n<p><br>Vystudovala jsem St\u0159edn\u00ed odbornou \u0161kolu soci\u00e1ln\u00ed a n\u00e1sledn\u011b Vy\u0161\u0161\u00ed odbornou \u0161kolu hereckou, obor herectv\u00ed a moderov\u00e1n\u00ed. Praxi v oboru m\u00e1m nejen ze st\u0159edn\u00ed \u0161koly, ale i z p\u0159\u00edm\u011bstsk\u00fdch t\u00e1bor\u016f, jako ch\u016fva v rodin\u011b a v neposledn\u00ed \u0159ad\u011b jako pedagog v d\u011btsk\u00e9 skupin\u011b. S d\u011btmi velmi r\u00e1da pracuji, proto\u017ee jsou zv\u011bdav\u00e9, \u0161ikovn\u00e9 a hrav\u00e9 a i \u201edosp\u011bl\u00e1k\u201c se od nich m\u016f\u017ee n\u011b\u010demu p\u0159iu\u010dit. Moment\u00e1ln\u011b studuji p\u0159ed\u0161koln\u00ed a mimo\u0161koln\u00ed pedagogiku v Praze na Vy\u0161\u0161\u00ed odborn\u00e9 \u0161kole pedagogick\u00e9 a soci\u00e1ln\u00ed, St\u0159edn\u00ed odborn\u00e9 \u0161kole pedagogick\u00e9 a Gymn\u00e1ziu, Praha 6. Ve voln\u00e9m \u010dase r\u00e1da cestuji a pozn\u00e1v\u00e1m nov\u00e1 m\u00edsta a kultury.<\/p>\n<\/div>\n<\/div>\n\n\n\n<div class=\"wp-block-columns is-layout-flex wp-container-core-columns-is-layout-9d6595d7 wp-block-columns-is-layout-flex\">\n<div class=\"wp-block-column is-layout-flow wp-block-column-is-layout-flow\" style=\"flex-basis:33.33%\">\n<figure class=\"wp-block-image size-full is-resized\"><img loading=\"lazy\" decoding=\"async\" width=\"750\" height=\"1000\" src=\"https:\/\/www.msterronska.cz\/wp-content\/uploads\/2026\/02\/att.7DKj64AgozUr5N3GKYIKhyPNy5zGZBF8mMKTNcRiZF0.jpeg\" alt=\"\" class=\"wp-image-1726\" style=\"aspect-ratio:0.7500123952600526;width:252px;height:auto\" srcset=\"https:\/\/www.msterronska.cz\/wp-content\/uploads\/2026\/02\/att.7DKj64AgozUr5N3GKYIKhyPNy5zGZBF8mMKTNcRiZF0.jpeg 750w, https:\/\/www.msterronska.cz\/wp-content\/uploads\/2026\/02\/att.7DKj64AgozUr5N3GKYIKhyPNy5zGZBF8mMKTNcRiZF0-225x300.jpeg 225w\" sizes=\"auto, (max-width: 750px) 100vw, 750px\" \/><\/figure>\n<\/div>\n\n\n\n<div class=\"wp-block-column is-layout-flow wp-block-column-is-layout-flow\" style=\"flex-basis:66.66%\">\n<p><\/p>\n\n\n\n<p><strong>VENDULA HABROV\u00c1- u\u010ditelka<\/strong><\/p>\n\n\n\n<p>M\u00e1m ukon\u010den\u00e9 st\u0159edo\u0161kolsk\u00e9 vzd\u011bl\u00e1n\u00ed s maturitou v oboru cestovn\u00ed ruch a hotelnictv\u00ed a v sou\u010dasn\u00e9 dob\u011b studuji vy\u0161\u0161\u00ed odbornou \u0161kolu v oboru p\u0159ed\u0161koln\u00ed a mimo\u0161koln\u00ed pedagogika, kde jsem ve druh\u00e9m ro\u010dn\u00edku. Praxi jsem absolvovala v r\u00e1mci studia. Pr\u00e1ce s d\u011btmi m\u011b velmi napl\u0148uje a pova\u017euji ji za smysluplnou. D\u00edky sv\u00e9mu pozitivn\u00edmu p\u0159\u00edstupu, trp\u011blivosti a empatii se sna\u017e\u00edm ke ka\u017ed\u00e9mu d\u00edt\u011bti p\u0159istupovat individu\u00e1ln\u011b a vytv\u00e1\u0159et pro n\u011bj bezpe\u010dn\u00e9 a podporuj\u00edc\u00ed prost\u0159ed\u00ed. Ve voln\u00e9m \u010dase r\u00e1da chod\u00edm do p\u0159\u00edrody, v\u011bnuji se cvi\u010den\u00ed a tr\u00e1v\u00edm \u010das se svou rodinou na Morav\u011b, kde r\u00e1da pob\u00fdv\u00e1m na na\u0161\u00ed mal\u00e9 rodinn\u00e9 farm\u011b s ko\u0148mi, pejsky a slepi\u010dkami.<\/p>\n<\/div>\n<\/div>\n\n\n\n<div class=\"wp-block-columns is-layout-flex wp-container-core-columns-is-layout-9d6595d7 wp-block-columns-is-layout-flex\">\n<div class=\"wp-block-column is-layout-flow wp-block-column-is-layout-flow\" style=\"flex-basis:33.33%\">\n<figure class=\"wp-block-image size-full is-resized\"><img loading=\"lazy\" decoding=\"async\" width=\"768\" height=\"1024\" src=\"https:\/\/www.msterronska.cz\/wp-content\/uploads\/2026\/01\/Baja-Mudrochova-posila-fotografii-2-1.jpg\" alt=\"\" class=\"wp-image-1665\" style=\"aspect-ratio:0.7500123952600526;width:252px;height:auto\" srcset=\"https:\/\/www.msterronska.cz\/wp-content\/uploads\/2026\/01\/Baja-Mudrochova-posila-fotografii-2-1.jpg 768w, https:\/\/www.msterronska.cz\/wp-content\/uploads\/2026\/01\/Baja-Mudrochova-posila-fotografii-2-1-225x300.jpg 225w\" sizes=\"auto, (max-width: 768px) 100vw, 768px\" \/><\/figure>\n<\/div>\n\n\n\n<div class=\"wp-block-column is-layout-flow wp-block-column-is-layout-flow\" style=\"flex-basis:66.66%\">\n<p><\/p>\n\n\n\n<p><strong>BARBORA SK\u0158IV\u00c1NKOV\u00c1 <\/strong>&#8211; u\u010ditelka, lektorka krou\u017eku &#8222;Fl\u00e9tni\u010dka&#8220;<\/p>\n\n\n\n<p>Jsem studentkou Pedagogick\u00e9 fakulty Univerzity Karlovy a m\u00e1m n\u011bkolikaletou zku\u0161enost s prac\u00ed s d\u011btmi r\u016fzn\u00e9ho v\u011bku \u2013 od nejmen\u0161\u00edch po dosp\u00edvaj\u00edc\u00ed. Doposud jsem pracovala s d\u011btmi p\u0159ev\u00e1\u017en\u011b v oblasti volno\u010dasov\u00e9 pedagogiky. Velkou roli v m\u00e9m \u017eivot\u011b hraje divadlo a hudba \u2013 na ZU\u0160 jsem vystudovala s\u00f3lov\u00fd zp\u011bv a hru na zobcovou fl\u00e9tnu, kterou u\u017e p\u011bt let sama vyu\u010duji. Sna\u017e\u00edm se k d\u011btem p\u0159istupovat empaticky a s respektem, odm\u011bnou je mi jejich d\u016fv\u011bra a otev\u0159enost. Pr\u00e1ci s d\u011btmi pova\u017euji za n\u00e1ro\u010dnou, ale d\u016fle\u017eitou, kr\u00e1snou a oboustrann\u011b obohacuj\u00edc\u00ed.<\/p>\n<\/div>\n<\/div>\n","protected":false},"excerpt":{"rendered":"<p>Odd\u011blen\u00ed Brou\u010dk\u016f se nach\u00e1z\u00ed v p\u0159\u00edzem\u00ed, pro vstup do budovy a \u0161atny je t\u0159eba pou\u017e\u00edt zadn\u00ed vchod. Vstup do budovy i \u0161atna jsou spole\u010dn\u00e9 se [&hellip;]<\/p>\n","protected":false},"author":1,"featured_media":0,"parent":77,"menu_order":3,"comment_status":"closed","ping_status":"closed","template":"","meta":{"pgc_sgb_lightbox_settings":"","footnotes":""},"class_list":["post-102","page","type-page","status-publish","hentry"],"_links":{"self":[{"href":"https:\/\/www.msterronska.cz\/index.php\/wp-json\/wp\/v2\/pages\/102","targetHints":{"allow":["GET"]}}],"collection":[{"href":"https:\/\/www.msterronska.cz\/index.php\/wp-json\/wp\/v2\/pages"}],"about":[{"href":"https:\/\/www.msterronska.cz\/index.php\/wp-json\/wp\/v2\/types\/page"}],"author":[{"embeddable":true,"href":"https:\/\/www.msterronska.cz\/index.php\/wp-json\/wp\/v2\/users\/1"}],"replies":[{"embeddable":true,"href":"https:\/\/www.msterronska.cz\/index.php\/wp-json\/wp\/v2\/comments?post=102"}],"version-history":[{"count":31,"href":"https:\/\/www.msterronska.cz\/index.php\/wp-json\/wp\/v2\/pages\/102\/revisions"}],"predecessor-version":[{"id":2236,"href":"https:\/\/www.msterronska.cz\/index.php\/wp-json\/wp\/v2\/pages\/102\/revisions\/2236"}],"up":[{"embeddable":true,"href":"https:\/\/www.msterronska.cz\/index.php\/wp-json\/wp\/v2\/pages\/77"}],"wp:attachment":[{"href":"https:\/\/www.msterronska.cz\/index.php\/wp-json\/wp\/v2\/media?parent=102"}],"curies":[{"name":"wp","href":"https:\/\/api.w.org\/{rel}","templated":true}]}}